{"id":415,"date":"2022-12-22T18:14:02","date_gmt":"2022-12-22T18:14:02","guid":{"rendered":"https:\/\/webpremium.website\/wordpress\/?page_id=415"},"modified":"2022-12-23T09:40:11","modified_gmt":"2022-12-23T09:40:11","slug":"podrska","status":"publish","type":"page","link":"https:\/\/webpremium.website\/wordpress\/podrska\/","title":{"rendered":"Podr\u0161ka"},"content":{"rendered":"\n\n\n<h4 style=\"text-align: center;\"><span style=\"text-align: center;\">Mi izlazimo u susret koliko god mo\u017eemo, ne zamerite ako neki put ne odgovorimo odmah<\/span><\/h4>\n\n<p style=\"text-align: justify;\">&nbsp; &nbsp;Podr\u0161ka je bitna koliko i kvalitetno izra\u0111eni sadr\u017eaj za sajt. U tu svhrhu na\u0161im klijentima smo omogu\u0107ili da nas kontaktiraju preko tiket sistema. Ukoliko imate sugestije i komentare na sajt koji radimo za Vas ili probleme sa sajtom koji smo Vam radili slobodno nas kontaktirajte preko na\u0161eg sistema.<\/p>\n<p style=\"text-align: justify;\">&nbsp; &nbsp;Klikom na dugme bi\u0107ete preusmereni na stranu za logovanje. Koristite parametre koje ste dobili od nas, obavezno upi\u0161ite u opisu o kome sajtu je re\u010d i opi\u0161ite \u0161to bolje problem ili sugestiju. Slobodno dodajte i slike jer &#8220;Jedna slika govori vi\u0161e od hiljadu re\u010di&#8221;.<br><\/p>\n\n\n\n","protected":false},"excerpt":{"rendered":"","protected":false},"author":1,"featured_media":0,"parent":0,"menu_order":0,"comment_status":"closed","ping_status":"closed","template":"","meta":{"pagelayer_contact_templates":[],"_pagelayer_content":"","footnotes":""},"class_list":["post-415","page","type-page","status-publish","hentry"],"yoast_head":"<!-- This site is optimized with the Yoast SEO plugin v26.6 - https:\/\/yoast.com\/wordpress\/plugins\/seo\/ -->\n<title>Podr\u0161ka - Web Premium<\/title>\n<meta name=\"description\" content=\"Web Premium - Podr\u0161ka\" \/>\n<meta name=\"robots\" content=\"index, follow, max-snippet:-1, max-image-preview:large, max-video-preview:-1\" \/>\n<link rel=\"canonical\" href=\"https:\/\/webpremium.website\/wordpress\/podrska\/\" \/>\n<meta property=\"og:locale\" content=\"en_US\" \/>\n<meta property=\"og:type\" content=\"article\" \/>\n<meta property=\"og:title\" content=\"Podr\u0161ka - Web Premium\" \/>\n<meta property=\"og:description\" content=\"Web Premium - Podr\u0161ka\" \/>\n<meta property=\"og:url\" content=\"https:\/\/webpremium.website\/wordpress\/podrska\/\" \/>\n<meta property=\"og:site_name\" content=\"Web Premium\" \/>\n<meta property=\"article:modified_time\" content=\"2022-12-23T09:40:11+00:00\" \/>\n<meta property=\"og:image\" content=\"https:\/\/webpremium.website\/wordpress\/wp-content\/uploads\/2022\/12\/WP-izrada-web-sajta.jpg\" \/>\n\t<meta property=\"og:image:width\" content=\"1920\" \/>\n\t<meta property=\"og:image:height\" content=\"1280\" \/>\n\t<meta property=\"og:image:type\" content=\"image\/jpeg\" \/>\n<meta name=\"twitter:card\" content=\"summary_large_image\" \/>\n<meta name=\"twitter:label1\" content=\"Est. reading time\" \/>\n\t<meta name=\"twitter:data1\" content=\"1 minute\" \/>\n<script type=\"application\/ld+json\" class=\"yoast-schema-graph\">{\"@context\":\"https:\/\/schema.org\",\"@graph\":[{\"@type\":\"WebPage\",\"@id\":\"https:\/\/webpremium.website\/wordpress\/podrska\/\",\"url\":\"https:\/\/webpremium.website\/wordpress\/podrska\/\",\"name\":\"Podr\u0161ka - Web Premium\",\"isPartOf\":{\"@id\":\"https:\/\/webpremium.website\/wordpress\/#website\"},\"datePublished\":\"2022-12-22T18:14:02+00:00\",\"dateModified\":\"2022-12-23T09:40:11+00:00\",\"description\":\"Web Premium - Podr\u0161ka\",\"breadcrumb\":{\"@id\":\"https:\/\/webpremium.website\/wordpress\/podrska\/#breadcrumb\"},\"inLanguage\":\"en-US\",\"potentialAction\":[{\"@type\":\"ReadAction\",\"target\":[\"https:\/\/webpremium.website\/wordpress\/podrska\/\"]}]},{\"@type\":\"BreadcrumbList\",\"@id\":\"https:\/\/webpremium.website\/wordpress\/podrska\/#breadcrumb\",\"itemListElement\":[{\"@type\":\"ListItem\",\"position\":1,\"name\":\"Home\",\"item\":\"https:\/\/webpremium.website\/wordpress\/\"},{\"@type\":\"ListItem\",\"position\":2,\"name\":\"Podr\u0161ka\"}]},{\"@type\":\"WebSite\",\"@id\":\"https:\/\/webpremium.website\/wordpress\/#website\",\"url\":\"https:\/\/webpremium.website\/wordpress\/\",\"name\":\"Web Premium\",\"description\":\"Izrada internet prodavnica | webshop | online store | Izrada internet sajtova | web site\",\"publisher\":{\"@id\":\"https:\/\/webpremium.website\/wordpress\/#organization\"},\"alternateName\":\"Premium izrada web prodavnica i sajtova\",\"potentialAction\":[{\"@type\":\"SearchAction\",\"target\":{\"@type\":\"EntryPoint\",\"urlTemplate\":\"https:\/\/webpremium.website\/wordpress\/?s={search_term_string}\"},\"query-input\":{\"@type\":\"PropertyValueSpecification\",\"valueRequired\":true,\"valueName\":\"search_term_string\"}}],\"inLanguage\":\"en-US\"},{\"@type\":\"Organization\",\"@id\":\"https:\/\/webpremium.website\/wordpress\/#organization\",\"name\":\"Premium Web development\",\"alternateName\":\"Premium Web\",\"url\":\"https:\/\/webpremium.website\/wordpress\/\",\"logo\":{\"@type\":\"ImageObject\",\"inLanguage\":\"en-US\",\"@id\":\"https:\/\/webpremium.website\/wordpress\/#\/schema\/logo\/image\/\",\"url\":\"https:\/\/webpremium.website\/wordpress\/wp-content\/uploads\/2022\/12\/WP-logo-transparent.png\",\"contentUrl\":\"https:\/\/webpremium.website\/wordpress\/wp-content\/uploads\/2022\/12\/WP-logo-transparent.png\",\"width\":500,\"height\":500,\"caption\":\"Premium Web development\"},\"image\":{\"@id\":\"https:\/\/webpremium.website\/wordpress\/#\/schema\/logo\/image\/\"}}]}<\/script>\n<!-- \/ Yoast SEO plugin. -->","yoast_head_json":{"title":"Podr\u0161ka - Web Premium","description":"Web Premium - Podr\u0161ka","robots":{"index":"index","follow":"follow","max-snippet":"max-snippet:-1","max-image-preview":"max-image-preview:large","max-video-preview":"max-video-preview:-1"},"canonical":"https:\/\/webpremium.website\/wordpress\/podrska\/","og_locale":"en_US","og_type":"article","og_title":"Podr\u0161ka - Web Premium","og_description":"Web Premium - Podr\u0161ka","og_url":"https:\/\/webpremium.website\/wordpress\/podrska\/","og_site_name":"Web Premium","article_modified_time":"2022-12-23T09:40:11+00:00","og_image":[{"width":1920,"height":1280,"url":"https:\/\/webpremium.website\/wordpress\/wp-content\/uploads\/2022\/12\/WP-izrada-web-sajta.jpg","type":"image\/jpeg"}],"twitter_card":"summary_large_image","twitter_misc":{"Est. reading time":"1 minute"},"schema":{"@context":"https:\/\/schema.org","@graph":[{"@type":"WebPage","@id":"https:\/\/webpremium.website\/wordpress\/podrska\/","url":"https:\/\/webpremium.website\/wordpress\/podrska\/","name":"Podr\u0161ka - Web Premium","isPartOf":{"@id":"https:\/\/webpremium.website\/wordpress\/#website"},"datePublished":"2022-12-22T18:14:02+00:00","dateModified":"2022-12-23T09:40:11+00:00","description":"Web Premium - Podr\u0161ka","breadcrumb":{"@id":"https:\/\/webpremium.website\/wordpress\/podrska\/#breadcrumb"},"inLanguage":"en-US","potentialAction":[{"@type":"ReadAction","target":["https:\/\/webpremium.website\/wordpress\/podrska\/"]}]},{"@type":"BreadcrumbList","@id":"https:\/\/webpremium.website\/wordpress\/podrska\/#breadcrumb","itemListElement":[{"@type":"ListItem","position":1,"name":"Home","item":"https:\/\/webpremium.website\/wordpress\/"},{"@type":"ListItem","position":2,"name":"Podr\u0161ka"}]},{"@type":"WebSite","@id":"https:\/\/webpremium.website\/wordpress\/#website","url":"https:\/\/webpremium.website\/wordpress\/","name":"Web Premium","description":"Izrada internet prodavnica | webshop | online store | Izrada internet sajtova | web site","publisher":{"@id":"https:\/\/webpremium.website\/wordpress\/#organization"},"alternateName":"Premium izrada web prodavnica i sajtova","potentialAction":[{"@type":"SearchAction","target":{"@type":"EntryPoint","urlTemplate":"https:\/\/webpremium.website\/wordpress\/?s={search_term_string}"},"query-input":{"@type":"PropertyValueSpecification","valueRequired":true,"valueName":"search_term_string"}}],"inLanguage":"en-US"},{"@type":"Organization","@id":"https:\/\/webpremium.website\/wordpress\/#organization","name":"Premium Web development","alternateName":"Premium Web","url":"https:\/\/webpremium.website\/wordpress\/","logo":{"@type":"ImageObject","inLanguage":"en-US","@id":"https:\/\/webpremium.website\/wordpress\/#\/schema\/logo\/image\/","url":"https:\/\/webpremium.website\/wordpress\/wp-content\/uploads\/2022\/12\/WP-logo-transparent.png","contentUrl":"https:\/\/webpremium.website\/wordpress\/wp-content\/uploads\/2022\/12\/WP-logo-transparent.png","width":500,"height":500,"caption":"Premium Web development"},"image":{"@id":"https:\/\/webpremium.website\/wordpress\/#\/schema\/logo\/image\/"}}]}},"_links":{"self":[{"href":"https:\/\/webpremium.website\/wordpress\/wp-json\/wp\/v2\/pages\/415","targetHints":{"allow":["GET"]}}],"collection":[{"href":"https:\/\/webpremium.website\/wordpress\/wp-json\/wp\/v2\/pages"}],"about":[{"href":"https:\/\/webpremium.website\/wordpress\/wp-json\/wp\/v2\/types\/page"}],"author":[{"embeddable":true,"href":"https:\/\/webpremium.website\/wordpress\/wp-json\/wp\/v2\/users\/1"}],"replies":[{"embeddable":true,"href":"https:\/\/webpremium.website\/wordpress\/wp-json\/wp\/v2\/comments?post=415"}],"version-history":[{"count":0,"href":"https:\/\/webpremium.website\/wordpress\/wp-json\/wp\/v2\/pages\/415\/revisions"}],"wp:attachment":[{"href":"https:\/\/webpremium.website\/wordpress\/wp-json\/wp\/v2\/media?parent=415"}],"curies":[{"name":"wp","href":"https:\/\/api.w.org\/{rel}","templated":true}]}}